{"id":26,"date":"2025-09-02T08:01:47","date_gmt":"2025-09-02T06:01:47","guid":{"rendered":"https:\/\/www.villabrunn.se\/portfolj\/"},"modified":"2025-10-23T21:14:57","modified_gmt":"2025-10-23T19:14:57","slug":"portfolj","status":"publish","type":"page","link":"https:\/\/villabrunn.se\/sv\/portfolj\/","title":{"rendered":"Portf\u00f6lj"},"content":{"rendered":"\n<div class=\"wp-block-group alignfull has-background-background-color has-background has-global-padding is-layout-constrained wp-container-core-group-is-layout-7276a2bb wp-block-group-is-layout-constrained\" id=\"om\" style=\"margin-top:0;margin-bottom:0;padding-top:var(--wp--preset--spacing--60);padding-right:var(--wp--preset--spacing--30);padding-bottom:var(--wp--preset--spacing--60);padding-left:var(--wp--preset--spacing--30)\">\n<div class=\"wp-block-columns alignwide is-layout-flex wp-container-core-columns-is-layout-47c06fe3 wp-block-columns-is-layout-flex\">\n<div class=\"wp-block-column is-layout-flow wp-container-core-column-is-layout-119bc444 wp-block-column-is-layout-flow\" style=\"flex-basis:60%\">\n<h2 class=\"wp-block-heading\">H\u00f6gkvalitativa villor anpassade f\u00f6r sk\u00e4rg\u00e5rden<\/h2>\n\n\n\n<p class=\"has-medium-font-size\" style=\"margin-top:16px\">Villa Brunn bygger exklusiva villor med fokus p\u00e5 h\u00e5llbarhet och sk\u00e4rg\u00e5rdsmilj\u00f6. Vi anv\u00e4nder underh\u00e5llsfria material f\u00f6r att s\u00e4kerst\u00e4lla l\u00e5ng livsl\u00e4ngd och tidl\u00f6s design.<\/p>\n\n\n\n<div class=\"wp-block-buttons is-content-justification-left is-layout-flex wp-container-core-buttons-is-layout-fc4fd283 wp-block-buttons-is-layout-flex\">\n<div class=\"wp-block-button is-style-outline is-style-outline--1\"><a class=\"wp-block-button__link wp-element-button\" href=\"https:\/\/www.villabrunn.se\/kontakt\">Utforska projekt<\/a><\/div>\n<\/div>\n<\/div>\n\n\n\n<div class=\"wp-block-column is-vertically-aligned-top is-layout-flow wp-container-core-column-is-layout-f5bb311e wp-block-column-is-layout-flow\" style=\"flex-basis:50%\">\n<figure class=\"wp-block-image has-custom-border\"><img loading=\"lazy\" decoding=\"async\" width=\"1440\" height=\"960\" class=\"wp-image-48\" src=\"https:\/\/villabrunn.se\/wp-content\/uploads\/2025\/10\/1f51d1d772a77237a285e7ad4a59f920b2e726ea.jpg\" alt=\"\" style=\"border-radius:1.5rem;aspect-ratio:1;object-fit:cover\" srcset=\"https:\/\/villabrunn.se\/wp-content\/uploads\/2025\/10\/1f51d1d772a77237a285e7ad4a59f920b2e726ea.jpg 1440w, https:\/\/villabrunn.se\/wp-content\/uploads\/2025\/10\/1f51d1d772a77237a285e7ad4a59f920b2e726ea-300x200.jpg 300w, https:\/\/villabrunn.se\/wp-content\/uploads\/2025\/10\/1f51d1d772a77237a285e7ad4a59f920b2e726ea-1024x683.jpg 1024w, https:\/\/villabrunn.se\/wp-content\/uploads\/2025\/10\/1f51d1d772a77237a285e7ad4a59f920b2e726ea-768x512.jpg 768w, https:\/\/villabrunn.se\/wp-content\/uploads\/2025\/10\/1f51d1d772a77237a285e7ad4a59f920b2e726ea-18x12.jpg 18w\" sizes=\"auto, (max-width: 1440px) 100vw, 1440px\" \/><\/figure>\n<\/div>\n<\/div>\n<\/div>\n\n<div class=\"wp-block-group alignfull has-tertiary-background-color has-background has-global-padding is-layout-constrained wp-container-core-group-is-layout-254d6575 wp-block-group-is-layout-constrained\" id=\"portfolj\" style=\"margin-top:0;margin-bottom:0;padding-top:var(--wp--preset--spacing--60);padding-right:var(--wp--preset--spacing--30);padding-bottom:var(--wp--preset--spacing--60);padding-left:var(--wp--preset--spacing--30)\">\n<div class=\"wp-block-group alignwide is-vertical is-layout-flex wp-container-core-group-is-layout-c509e09b wp-block-group-is-layout-flex\" style=\"margin-bottom:var(--wp--preset--spacing--50)\">\n<div class=\"wp-block-group alignwide has-global-padding is-content-justification-left is-layout-constrained wp-container-core-group-is-layout-8b4c372c wp-block-group-is-layout-constrained\">\n<h2 class=\"wp-block-heading has-large-font-size\">Skr\u00e4ddarsydda villor f\u00f6r sk\u00e4rg\u00e5rdsliv<\/h2>\n\n\n\n<p style=\"margin-top:16px\">Utforska v\u00e5ra utvalda villaprojekt d\u00e4r design m\u00f6ter h\u00e5llbarhet och sk\u00f6nhet i sk\u00e4rg\u00e5rden.<\/p>\n<\/div>\n<\/div>\n\n\n\n<div class=\"wp-block-cover alignwide has-aspect-ratio\" style=\"border-radius:2rem;padding-top:var(--wp--preset--spacing--80);padding-right:var(--wp--preset--spacing--40);padding-bottom:var(--wp--preset--spacing--80);padding-left:var(--wp--preset--spacing--40);min-height:50vh;aspect-ratio:auto;min-height:unset;\"><img loading=\"lazy\" decoding=\"async\" width=\"960\" height=\"1440\" class=\"wp-block-cover__image-background wp-image-60\" alt=\"\" src=\"https:\/\/villabrunn.se\/wp-content\/uploads\/2025\/10\/23176b41c685bd23992e96bd23e1d5ecc3d94e48.jpg\" data-object-fit=\"cover\" srcset=\"https:\/\/villabrunn.se\/wp-content\/uploads\/2025\/10\/23176b41c685bd23992e96bd23e1d5ecc3d94e48.jpg 960w, https:\/\/villabrunn.se\/wp-content\/uploads\/2025\/10\/23176b41c685bd23992e96bd23e1d5ecc3d94e48-200x300.jpg 200w, https:\/\/villabrunn.se\/wp-content\/uploads\/2025\/10\/23176b41c685bd23992e96bd23e1d5ecc3d94e48-683x1024.jpg 683w, https:\/\/villabrunn.se\/wp-content\/uploads\/2025\/10\/23176b41c685bd23992e96bd23e1d5ecc3d94e48-768x1152.jpg 768w, https:\/\/villabrunn.se\/wp-content\/uploads\/2025\/10\/23176b41c685bd23992e96bd23e1d5ecc3d94e48-8x12.jpg 8w\" sizes=\"auto, (max-width: 960px) 100vw, 960px\" \/><span aria-hidden=\"true\" class=\"wp-block-cover__background has-black-background-color has-background-dim-60 has-background-dim\"><\/span><div class=\"wp-block-cover__inner-container is-layout-flow wp-block-cover-is-layout-flow\">\n<div class=\"wp-block-group is-vertical is-layout-flex wp-container-core-group-is-layout-fe9cc265 wp-block-group-is-layout-flex\">\n<div class=\"wp-block-group has-global-padding is-layout-constrained wp-container-core-group-is-layout-e0082cf6 wp-block-group-is-layout-constrained\">\n<h4 class=\"wp-block-heading has-white-color has-text-color has-small-font-size\" style=\"margin-top:24px;font-style:normal;font-weight:400\">Villa Sk\u00e4rg\u00e5rd<\/h4>\n\n\n\n<h3 class=\"wp-block-heading has-white-color has-text-color has-large-font-size\" style=\"margin-top:12px\">Villa Sk\u00e4rg\u00e5rd<\/h3>\n\n\n\n<p>En elegant villa byggd med underh\u00e5llsfria material, perfekt f\u00f6r kustn\u00e4ra livsstil.<\/p>\n<\/div>\n<\/div>\n<\/div><\/div>\n\n\n\n<div class=\"wp-block-cover alignwide has-aspect-ratio\" style=\"border-radius:2rem;padding-top:var(--wp--preset--spacing--80);padding-right:var(--wp--preset--spacing--40);padding-bottom:var(--wp--preset--spacing--80);padding-left:var(--wp--preset--spacing--40);min-height:50vh;aspect-ratio:auto;min-height:unset;\"><img loading=\"lazy\" decoding=\"async\" width=\"960\" height=\"1440\" class=\"wp-block-cover__image-background wp-image-60\" alt=\"\" src=\"https:\/\/villabrunn.se\/wp-content\/uploads\/2025\/10\/23176b41c685bd23992e96bd23e1d5ecc3d94e48.jpg\" data-object-fit=\"cover\" srcset=\"https:\/\/villabrunn.se\/wp-content\/uploads\/2025\/10\/23176b41c685bd23992e96bd23e1d5ecc3d94e48.jpg 960w, https:\/\/villabrunn.se\/wp-content\/uploads\/2025\/10\/23176b41c685bd23992e96bd23e1d5ecc3d94e48-200x300.jpg 200w, https:\/\/villabrunn.se\/wp-content\/uploads\/2025\/10\/23176b41c685bd23992e96bd23e1d5ecc3d94e48-683x1024.jpg 683w, https:\/\/villabrunn.se\/wp-content\/uploads\/2025\/10\/23176b41c685bd23992e96bd23e1d5ecc3d94e48-768x1152.jpg 768w, https:\/\/villabrunn.se\/wp-content\/uploads\/2025\/10\/23176b41c685bd23992e96bd23e1d5ecc3d94e48-8x12.jpg 8w\" sizes=\"auto, (max-width: 960px) 100vw, 960px\" \/><span aria-hidden=\"true\" class=\"wp-block-cover__background has-black-background-color has-background-dim-60 has-background-dim\"><\/span><div class=\"wp-block-cover__inner-container is-layout-flow wp-block-cover-is-layout-flow\">\n<div class=\"wp-block-group is-vertical is-layout-flex wp-container-core-group-is-layout-fe9cc265 wp-block-group-is-layout-flex\">\n<div class=\"wp-block-group has-global-padding is-layout-constrained wp-container-core-group-is-layout-e0082cf6 wp-block-group-is-layout-constrained\">\n<h4 class=\"wp-block-heading has-white-color has-text-color has-small-font-size\" style=\"margin-top:24px;font-style:normal;font-weight:400\">Villa Sj\u00f6bris<\/h4>\n\n\n\n<h3 class=\"wp-block-heading has-white-color has-text-color has-large-font-size\" style=\"margin-top:12px\">Villa Sj\u00f6bris<\/h3>\n\n\n\n<p>Modern arkitektur kombinerad med h\u00e5llbara l\u00f6sningar f\u00f6r sk\u00e4rg\u00e5rdens klimat.<\/p>\n<\/div>\n<\/div>\n<\/div><\/div>\n\n\n\n<div class=\"wp-block-cover alignwide has-aspect-ratio\" style=\"border-radius:2rem;padding-top:var(--wp--preset--spacing--80);padding-right:var(--wp--preset--spacing--40);padding-bottom:var(--wp--preset--spacing--80);padding-left:var(--wp--preset--spacing--40);min-height:50vh;aspect-ratio:auto;min-height:unset;\"><img loading=\"lazy\" decoding=\"async\" width=\"960\" height=\"1440\" class=\"wp-block-cover__image-background wp-image-60\" alt=\"\" src=\"https:\/\/villabrunn.se\/wp-content\/uploads\/2025\/10\/23176b41c685bd23992e96bd23e1d5ecc3d94e48.jpg\" data-object-fit=\"cover\" srcset=\"https:\/\/villabrunn.se\/wp-content\/uploads\/2025\/10\/23176b41c685bd23992e96bd23e1d5ecc3d94e48.jpg 960w, https:\/\/villabrunn.se\/wp-content\/uploads\/2025\/10\/23176b41c685bd23992e96bd23e1d5ecc3d94e48-200x300.jpg 200w, https:\/\/villabrunn.se\/wp-content\/uploads\/2025\/10\/23176b41c685bd23992e96bd23e1d5ecc3d94e48-683x1024.jpg 683w, https:\/\/villabrunn.se\/wp-content\/uploads\/2025\/10\/23176b41c685bd23992e96bd23e1d5ecc3d94e48-768x1152.jpg 768w, https:\/\/villabrunn.se\/wp-content\/uploads\/2025\/10\/23176b41c685bd23992e96bd23e1d5ecc3d94e48-8x12.jpg 8w\" sizes=\"auto, (max-width: 960px) 100vw, 960px\" \/><span aria-hidden=\"true\" class=\"wp-block-cover__background has-black-background-color has-background-dim-60 has-background-dim\"><\/span><div class=\"wp-block-cover__inner-container is-layout-flow wp-block-cover-is-layout-flow\">\n<div class=\"wp-block-group is-vertical is-layout-flex wp-container-core-group-is-layout-fe9cc265 wp-block-group-is-layout-flex\">\n<div class=\"wp-block-group has-global-padding is-layout-constrained wp-container-core-group-is-layout-e0082cf6 wp-block-group-is-layout-constrained\">\n<h4 class=\"wp-block-heading has-white-color has-text-color has-small-font-size\" style=\"margin-top:24px;font-style:normal;font-weight:400\">Villa Havsutsikt<\/h4>\n\n\n\n<h3 class=\"wp-block-heading has-white-color has-text-color has-large-font-size\" style=\"margin-top:12px\">Villa Havsutsikt<\/h3>\n\n\n\n<p>En rymlig villa designad f\u00f6r att sm\u00e4lta in i naturens omgivningar med minimalt underh\u00e5ll.<\/p>\n<\/div>\n<\/div>\n<\/div><\/div>\n<\/div>\n\n<div class=\"wp-block-group alignfull has-background-background-color has-background has-global-padding is-layout-constrained wp-container-core-group-is-layout-7276a2bb wp-block-group-is-layout-constrained\" id=\"galleri\" style=\"margin-top:0;margin-bottom:0;padding-top:var(--wp--preset--spacing--60);padding-right:var(--wp--preset--spacing--30);padding-bottom:var(--wp--preset--spacing--60);padding-left:var(--wp--preset--spacing--30)\">\n<div class=\"wp-block-group alignwide is-vertical is-layout-flex wp-container-core-group-is-layout-fe9cc265 wp-block-group-is-layout-flex\">\n<div class=\"wp-block-group alignwide has-global-padding is-content-justification-left is-layout-constrained wp-container-core-group-is-layout-8b4c372c wp-block-group-is-layout-constrained\">\n<h2 class=\"wp-block-heading has-large-font-size\">Stilren arkitektur i harmoni med sk\u00e4rg\u00e5rdens natur<\/h2>\n\n\n\n<p style=\"margin-top:16px\">Utforska en exklusiv portf\u00f6lj som speglar v\u00e5ra villa\u00e4gares dr\u00f6mmars verklighet.<\/p>\n<\/div>\n<\/div>\n\n\n\n<div class=\"wp-block-group alignwide has-global-padding is-layout-constrained wp-block-group-is-layout-constrained\">\n<div class=\"wp-block-columns alignwide is-layout-flex wp-container-core-columns-is-layout-87beb0d0 wp-block-columns-is-layout-flex\">\n<div class=\"wp-block-column is-layout-flow wp-container-core-column-is-layout-f5bb311e wp-block-column-is-layout-flow\">\n<figure class=\"wp-block-image has-custom-border ext-aspect-landscape\"><img loading=\"lazy\" decoding=\"async\" width=\"1440\" height=\"1280\" class=\"wp-image-61\" src=\"https:\/\/villabrunn.se\/wp-content\/uploads\/2025\/10\/a900ebeadeab35e11b9cf8996ce39d6632c3eb2a.jpg\" alt=\"\" style=\"border-radius:0.5rem;aspect-ratio:4\/3;object-fit:cover\" srcset=\"https:\/\/villabrunn.se\/wp-content\/uploads\/2025\/10\/a900ebeadeab35e11b9cf8996ce39d6632c3eb2a.jpg 1440w, https:\/\/villabrunn.se\/wp-content\/uploads\/2025\/10\/a900ebeadeab35e11b9cf8996ce39d6632c3eb2a-300x267.jpg 300w, https:\/\/villabrunn.se\/wp-content\/uploads\/2025\/10\/a900ebeadeab35e11b9cf8996ce39d6632c3eb2a-1024x910.jpg 1024w, https:\/\/villabrunn.se\/wp-content\/uploads\/2025\/10\/a900ebeadeab35e11b9cf8996ce39d6632c3eb2a-768x683.jpg 768w, https:\/\/villabrunn.se\/wp-content\/uploads\/2025\/10\/a900ebeadeab35e11b9cf8996ce39d6632c3eb2a-14x12.jpg 14w\" sizes=\"auto, (max-width: 1440px) 100vw, 1440px\" \/><\/figure>\n\n\n\n<figure class=\"wp-block-image has-custom-border ext-aspect-landscape\"><img loading=\"lazy\" decoding=\"async\" width=\"1440\" height=\"1280\" class=\"wp-image-62\" src=\"https:\/\/villabrunn.se\/wp-content\/uploads\/2025\/10\/1718f28142982246e887a1674a3081ae2d4dd364.jpg\" alt=\"\" style=\"border-radius:0.5rem;aspect-ratio:4\/3;object-fit:cover\" srcset=\"https:\/\/villabrunn.se\/wp-content\/uploads\/2025\/10\/1718f28142982246e887a1674a3081ae2d4dd364.jpg 1440w, https:\/\/villabrunn.se\/wp-content\/uploads\/2025\/10\/1718f28142982246e887a1674a3081ae2d4dd364-300x267.jpg 300w, https:\/\/villabrunn.se\/wp-content\/uploads\/2025\/10\/1718f28142982246e887a1674a3081ae2d4dd364-1024x910.jpg 1024w, https:\/\/villabrunn.se\/wp-content\/uploads\/2025\/10\/1718f28142982246e887a1674a3081ae2d4dd364-768x683.jpg 768w, https:\/\/villabrunn.se\/wp-content\/uploads\/2025\/10\/1718f28142982246e887a1674a3081ae2d4dd364-14x12.jpg 14w\" sizes=\"auto, (max-width: 1440px) 100vw, 1440px\" \/><\/figure>\n<\/div>\n\n\n\n<div class=\"wp-block-column is-layout-flow wp-container-core-column-is-layout-f5bb311e wp-block-column-is-layout-flow\">\n<figure class=\"wp-block-image has-custom-border ext-aspect-landscape\"><img loading=\"lazy\" decoding=\"async\" width=\"1440\" height=\"1280\" class=\"wp-image-63\" src=\"https:\/\/villabrunn.se\/wp-content\/uploads\/2025\/10\/cd867ee3f003451fd42a8298c7ff0a17e9aaad61.jpg\" alt=\"\" style=\"border-radius:0.5rem;aspect-ratio:4\/3;object-fit:cover\" srcset=\"https:\/\/villabrunn.se\/wp-content\/uploads\/2025\/10\/cd867ee3f003451fd42a8298c7ff0a17e9aaad61.jpg 1440w, https:\/\/villabrunn.se\/wp-content\/uploads\/2025\/10\/cd867ee3f003451fd42a8298c7ff0a17e9aaad61-300x267.jpg 300w, https:\/\/villabrunn.se\/wp-content\/uploads\/2025\/10\/cd867ee3f003451fd42a8298c7ff0a17e9aaad61-1024x910.jpg 1024w, https:\/\/villabrunn.se\/wp-content\/uploads\/2025\/10\/cd867ee3f003451fd42a8298c7ff0a17e9aaad61-768x683.jpg 768w, https:\/\/villabrunn.se\/wp-content\/uploads\/2025\/10\/cd867ee3f003451fd42a8298c7ff0a17e9aaad61-14x12.jpg 14w\" sizes=\"auto, (max-width: 1440px) 100vw, 1440px\" \/><\/figure>\n\n\n\n<figure class=\"wp-block-image has-custom-border ext-aspect-landscape\"><img loading=\"lazy\" decoding=\"async\" width=\"960\" height=\"1440\" class=\"wp-image-64\" src=\"https:\/\/villabrunn.se\/wp-content\/uploads\/2025\/10\/d3f6b9843da1e4690958413a5948f030c44f4684.jpg\" alt=\"\" style=\"border-radius:0.5rem;aspect-ratio:4\/3;object-fit:cover\" srcset=\"https:\/\/villabrunn.se\/wp-content\/uploads\/2025\/10\/d3f6b9843da1e4690958413a5948f030c44f4684.jpg 960w, https:\/\/villabrunn.se\/wp-content\/uploads\/2025\/10\/d3f6b9843da1e4690958413a5948f030c44f4684-200x300.jpg 200w, https:\/\/villabrunn.se\/wp-content\/uploads\/2025\/10\/d3f6b9843da1e4690958413a5948f030c44f4684-683x1024.jpg 683w, https:\/\/villabrunn.se\/wp-content\/uploads\/2025\/10\/d3f6b9843da1e4690958413a5948f030c44f4684-768x1152.jpg 768w, https:\/\/villabrunn.se\/wp-content\/uploads\/2025\/10\/d3f6b9843da1e4690958413a5948f030c44f4684-8x12.jpg 8w\" sizes=\"auto, (max-width: 960px) 100vw, 960px\" \/><\/figure>\n<\/div>\n\n\n\n<div class=\"wp-block-column is-layout-flow wp-container-core-column-is-layout-f5bb311e wp-block-column-is-layout-flow\">\n<figure class=\"wp-block-image has-custom-border ext-aspect-landscape\"><img loading=\"lazy\" decoding=\"async\" width=\"1440\" height=\"1280\" class=\"wp-image-65\" src=\"https:\/\/villabrunn.se\/wp-content\/uploads\/2025\/10\/92e04c0d98d2114a40bcd0377274dc0908baf065.jpg\" alt=\"\" style=\"border-radius:0.5rem;aspect-ratio:4\/3;object-fit:cover\" srcset=\"https:\/\/villabrunn.se\/wp-content\/uploads\/2025\/10\/92e04c0d98d2114a40bcd0377274dc0908baf065.jpg 1440w, https:\/\/villabrunn.se\/wp-content\/uploads\/2025\/10\/92e04c0d98d2114a40bcd0377274dc0908baf065-300x267.jpg 300w, https:\/\/villabrunn.se\/wp-content\/uploads\/2025\/10\/92e04c0d98d2114a40bcd0377274dc0908baf065-1024x910.jpg 1024w, https:\/\/villabrunn.se\/wp-content\/uploads\/2025\/10\/92e04c0d98d2114a40bcd0377274dc0908baf065-768x683.jpg 768w, https:\/\/villabrunn.se\/wp-content\/uploads\/2025\/10\/92e04c0d98d2114a40bcd0377274dc0908baf065-14x12.jpg 14w\" sizes=\"auto, (max-width: 1440px) 100vw, 1440px\" \/><\/figure>\n\n\n\n<figure class=\"wp-block-image has-custom-border ext-aspect-landscape\"><img loading=\"lazy\" decoding=\"async\" width=\"960\" height=\"1440\" class=\"wp-image-66\" src=\"https:\/\/villabrunn.se\/wp-content\/uploads\/2025\/10\/866ad7ac8487f5b42b3d6d6ebd36e5fabf2c4ce3.jpg\" alt=\"\" style=\"border-radius:0.5rem;aspect-ratio:4\/3;object-fit:cover\" srcset=\"https:\/\/villabrunn.se\/wp-content\/uploads\/2025\/10\/866ad7ac8487f5b42b3d6d6ebd36e5fabf2c4ce3.jpg 960w, https:\/\/villabrunn.se\/wp-content\/uploads\/2025\/10\/866ad7ac8487f5b42b3d6d6ebd36e5fabf2c4ce3-200x300.jpg 200w, https:\/\/villabrunn.se\/wp-content\/uploads\/2025\/10\/866ad7ac8487f5b42b3d6d6ebd36e5fabf2c4ce3-683x1024.jpg 683w, https:\/\/villabrunn.se\/wp-content\/uploads\/2025\/10\/866ad7ac8487f5b42b3d6d6ebd36e5fabf2c4ce3-768x1152.jpg 768w, https:\/\/villabrunn.se\/wp-content\/uploads\/2025\/10\/866ad7ac8487f5b42b3d6d6ebd36e5fabf2c4ce3-8x12.jpg 8w\" sizes=\"auto, (max-width: 960px) 100vw, 960px\" \/><\/figure>\n<\/div>\n<\/div>\n<\/div>\n<\/div>\n","protected":false},"excerpt":{"rendered":"<p>H\u00f6gkvalitativa villor anpassade f\u00f6r sk\u00e4rg\u00e5rden Villa Brunn bygger exklusiva villor med fokus p\u00e5 h\u00e5llbarhet och sk\u00e4rg\u00e5rdsmilj\u00f6. Vi anv\u00e4nder underh\u00e5llsfria material f\u00f6r att s\u00e4kerst\u00e4lla l\u00e5ng livsl\u00e4ngd och tidl\u00f6s design. Skr\u00e4ddarsydda villor f\u00f6r sk\u00e4rg\u00e5rdsliv Utforska v\u00e5ra utvalda villaprojekt d\u00e4r design m\u00f6ter h\u00e5llbarhet och sk\u00f6nhet i sk\u00e4rg\u00e5rden. Stilren arkitektur i harmoni med sk\u00e4rg\u00e5rdens natur Utforska en exklusiv portf\u00f6lj [&hellip;]<\/p>\n","protected":false},"author":2,"featured_media":0,"parent":0,"menu_order":0,"comment_status":"closed","ping_status":"closed","template":"page-with-title","meta":{"footnotes":""},"class_list":["post-26","page","type-page","status-publish","hentry"],"aioseo_notices":[],"_links":{"self":[{"href":"https:\/\/villabrunn.se\/sv\/wp-json\/wp\/v2\/pages\/26","targetHints":{"allow":["GET"]}}],"collection":[{"href":"https:\/\/villabrunn.se\/sv\/wp-json\/wp\/v2\/pages"}],"about":[{"href":"https:\/\/villabrunn.se\/sv\/wp-json\/wp\/v2\/types\/page"}],"author":[{"embeddable":true,"href":"https:\/\/villabrunn.se\/sv\/wp-json\/wp\/v2\/users\/2"}],"replies":[{"embeddable":true,"href":"https:\/\/villabrunn.se\/sv\/wp-json\/wp\/v2\/comments?post=26"}],"version-history":[{"count":2,"href":"https:\/\/villabrunn.se\/sv\/wp-json\/wp\/v2\/pages\/26\/revisions"}],"predecessor-version":[{"id":67,"href":"https:\/\/villabrunn.se\/sv\/wp-json\/wp\/v2\/pages\/26\/revisions\/67"}],"wp:attachment":[{"href":"https:\/\/villabrunn.se\/sv\/wp-json\/wp\/v2\/media?parent=26"}],"curies":[{"name":"wp","href":"https:\/\/api.w.org\/{rel}","templated":true}]}}